{"id":1318,"date":"2021-11-21T15:14:19","date_gmt":"2021-11-21T15:14:19","guid":{"rendered":"https:\/\/pomarada.es\/index.php\/about\/"},"modified":"2023-12-26T09:42:45","modified_gmt":"2023-12-26T08:42:45","slug":"about","status":"publish","type":"page","link":"https:\/\/pomarada.es\/index.php\/about\/","title":{"rendered":"About"},"content":{"rendered":"\t\t<div data-elementor-type=\"wp-page\" data-elementor-id=\"1318\" class=\"elementor elementor-1318\" data-elementor-post-type=\"page\">\n\t\t\t\t\t\t\t<div class=\"elementor-element elementor-element-b485c57 e-flex e-con-boxed e-con e-parent\" data-id=\"b485c57\" data-element_type=\"container\" data-settings=\"{&quot;background_background&quot;:&quot;classic&quot;,&quot;content_width&quot;:&quot;boxed&quot;}\" data-core-v316-plus=\"true\">\n\t\t\t\t\t<div class=\"e-con-inner\">\n\t\t\t\t<div class=\"elementor-element elementor-element-582eb7b elementor-widget elementor-widget-heading\" data-id=\"582eb7b\" data-element_type=\"widget\" data-widget_type=\"heading.default\">\n\t\t\t\t<div class=\"elementor-widget-container\">\n\t\t\t<style>\/*! elementor - v3.18.0 - 08-12-2023 *\/\n.elementor-heading-title{padding:0;margin:0;line-height:1}.elementor-widget-heading .elementor-heading-title[class*=elementor-size-]>a{color:inherit;font-size:inherit;line-height:inherit}.elementor-widget-heading .elementor-heading-title.elementor-size-small{font-size:15px}.elementor-widget-heading .elementor-heading-title.elementor-size-medium{font-size:19px}.elementor-widget-heading .elementor-heading-title.elementor-size-large{font-size:29px}.elementor-widget-heading .elementor-heading-title.elementor-size-xl{font-size:39px}.elementor-widget-heading .elementor-heading-title.elementor-size-xxl{font-size:59px}<\/style><h1 class=\"elementor-heading-title elementor-size-default\">Sobre el proyecto\n<\/h1>\t\t<\/div>\n\t\t\t\t<\/div>\n\t\t\t\t\t<\/div>\n\t\t\t\t<\/div>\n\t\t<div class=\"elementor-element elementor-element-22825f3 e-flex e-con-boxed e-con e-parent\" data-id=\"22825f3\" data-element_type=\"container\" data-settings=\"{&quot;background_background&quot;:&quot;classic&quot;,&quot;content_width&quot;:&quot;boxed&quot;}\" data-core-v316-plus=\"true\">\n\t\t\t\t\t<div class=\"e-con-inner\">\n\t\t<div class=\"elementor-element elementor-element-e6150a2 e-con-full e-flex e-con e-child\" data-id=\"e6150a2\" data-element_type=\"container\" data-settings=\"{&quot;content_width&quot;:&quot;full&quot;}\">\n\t\t\t\t<div class=\"elementor-element elementor-element-9b85f4b elementor-widget elementor-widget-image\" data-id=\"9b85f4b\" data-element_type=\"widget\" data-widget_type=\"image.default\">\n\t\t\t\t<div class=\"elementor-widget-container\">\n\t\t\t<style>\/*! elementor - v3.18.0 - 08-12-2023 *\/\n.elementor-widget-image{text-align:center}.elementor-widget-image a{display:inline-block}.elementor-widget-image a img[src$=\".svg\"]{width:48px}.elementor-widget-image img{vertical-align:middle;display:inline-block}<\/style>\t\t\t\t\t\t\t\t\t\t\t\t<img fetchpriority=\"high\" decoding=\"async\" width=\"1280\" height=\"853\" src=\"https:\/\/pomarada.es\/wp-content\/uploads\/2023\/12\/mountain-lakes-of-covadonga-spain-7210878.jpg\" class=\"attachment-full size-full wp-image-4385\" alt=\"mountain, lakes of covadonga, spain-7210878.jpg\" srcset=\"https:\/\/pomarada.es\/wp-content\/uploads\/2023\/12\/mountain-lakes-of-covadonga-spain-7210878.jpg 1280w, https:\/\/pomarada.es\/wp-content\/uploads\/2023\/12\/mountain-lakes-of-covadonga-spain-7210878-300x200.jpg 300w, https:\/\/pomarada.es\/wp-content\/uploads\/2023\/12\/mountain-lakes-of-covadonga-spain-7210878-1024x682.jpg 1024w, https:\/\/pomarada.es\/wp-content\/uploads\/2023\/12\/mountain-lakes-of-covadonga-spain-7210878-768x512.jpg 768w\" sizes=\"(max-width: 1280px) 100vw, 1280px\" \/>\t\t\t\t\t\t\t\t\t\t\t\t\t\t\t<\/div>\n\t\t\t\t<\/div>\n\t\t\t\t<\/div>\n\t\t<div class=\"elementor-element elementor-element-96bd502 e-con-full e-flex e-con e-child\" data-id=\"96bd502\" data-element_type=\"container\" data-settings=\"{&quot;content_width&quot;:&quot;full&quot;}\">\n\t\t\t\t<div class=\"elementor-element elementor-element-a3059cc elementor-widget-tablet__width-inherit elementor-widget elementor-widget-heading\" data-id=\"a3059cc\" data-element_type=\"widget\" data-widget_type=\"heading.default\">\n\t\t\t\t<div class=\"elementor-widget-container\">\n\t\t\t<h2 class=\"elementor-heading-title elementor-size-default\">Descripci\u00f3n de la Iniciativa\n<\/h2>\t\t<\/div>\n\t\t\t\t<\/div>\n\t\t\t\t<div class=\"elementor-element elementor-element-e28c198 elementor-widget elementor-widget-text-editor\" data-id=\"e28c198\" data-element_type=\"widget\" data-widget_type=\"text-editor.default\">\n\t\t\t\t<div class=\"elementor-widget-container\">\n\t\t\t<style>\/*! elementor - v3.18.0 - 08-12-2023 *\/\n.elementor-widget-text-editor.elementor-drop-cap-view-stacked .elementor-drop-cap{background-color:#69727d;color:#fff}.elementor-widget-text-editor.elementor-drop-cap-view-framed .elementor-drop-cap{color:#69727d;border:3px solid;background-color:transparent}.elementor-widget-text-editor:not(.elementor-drop-cap-view-default) .elementor-drop-cap{margin-top:8px}.elementor-widget-text-editor:not(.elementor-drop-cap-view-default) .elementor-drop-cap-letter{width:1em;height:1em}.elementor-widget-text-editor .elementor-drop-cap{float:left;text-align:center;line-height:1;font-size:50px}.elementor-widget-text-editor .elementor-drop-cap-letter{display:inline-block}<\/style>\t\t\t\t<p>\u00a0En el coraz\u00f3n de Asturias, el Proyecto Pomarada se erige como una iniciativa pionera dirigida a transformar la producci\u00f3n de manzana de sidra. Confrontando los retos de viabilidad econ\u00f3mica, vecer\u00eda, fragmentaci\u00f3n de terrenos y necesidades de profesionalizaci\u00f3n, nuestra misi\u00f3n es integrar la agricultura de precisi\u00f3n con tecnolog\u00edas rob\u00f3ticas avanzadas. Nuestro enfoque no solo busca incrementar la productividad en todo tipo de terrenos sino tambi\u00e9n mejorar la calidad de vida de los agricultores, asegurando un futuro sostenible y pr\u00f3spero para la industria sidrera de la regi\u00f3n.<\/p>\t\t\t\t\t\t<\/div>\n\t\t\t\t<\/div>\n\t\t\t\t<\/div>\n\t\t\t\t\t<\/div>\n\t\t\t\t<\/div>\n\t\t<div class=\"elementor-element elementor-element-aac19e2 e-flex e-con-boxed e-con e-parent\" data-id=\"aac19e2\" data-element_type=\"container\" data-settings=\"{&quot;background_background&quot;:&quot;classic&quot;,&quot;content_width&quot;:&quot;boxed&quot;}\" data-core-v316-plus=\"true\">\n\t\t\t\t\t<div class=\"e-con-inner\">\n\t\t<div class=\"elementor-element elementor-element-1f7f824 e-con-full e-flex e-con e-child\" data-id=\"1f7f824\" data-element_type=\"container\" data-settings=\"{&quot;content_width&quot;:&quot;full&quot;}\">\n\t\t\t\t<div class=\"elementor-element elementor-element-8a22b56 elementor-widget elementor-widget-heading\" data-id=\"8a22b56\" data-element_type=\"widget\" data-widget_type=\"heading.default\">\n\t\t\t\t<div class=\"elementor-widget-container\">\n\t\t\t<h2 class=\"elementor-heading-title elementor-size-default\">Productos y sectores beneficiados por las Innovaciones<\/h2>\t\t<\/div>\n\t\t\t\t<\/div>\n\t\t\t\t<div class=\"elementor-element elementor-element-70b1a4d elementor-widget elementor-widget-text-editor\" data-id=\"70b1a4d\" data-element_type=\"widget\" data-widget_type=\"text-editor.default\">\n\t\t\t\t<div class=\"elementor-widget-container\">\n\t\t\t\t\t\t\t<ul><li>Sidra (manzana y derivados)<\/li><li>Producci\u00f3n ecol\u00f3gica agr\u00edcola y ganadera<\/li><li>Productos hortofrut\u00edcolas y derivados<\/li><li>Peque\u00f1os frutos, selvicultura, y otros aprovechamientos forestales<\/li><\/ul>\t\t\t\t\t\t<\/div>\n\t\t\t\t<\/div>\n\t\t\t\t<\/div>\n\t\t<div class=\"elementor-element elementor-element-07afb6e e-con-full e-flex e-con e-child\" data-id=\"07afb6e\" data-element_type=\"container\" data-settings=\"{&quot;content_width&quot;:&quot;full&quot;}\">\n\t\t\t\t<div class=\"elementor-element elementor-element-83930a5 elementor-widget elementor-widget-image\" data-id=\"83930a5\" data-element_type=\"widget\" data-widget_type=\"image.default\">\n\t\t\t\t<div class=\"elementor-widget-container\">\n\t\t\t\t\t\t\t\t\t\t\t\t\t\t\t<img decoding=\"async\" width=\"1280\" height=\"853\" src=\"https:\/\/pomarada.es\/wp-content\/uploads\/2023\/12\/apples-fruits-fresh-490474.jpg\" class=\"attachment-full size-full wp-image-4399\" alt=\"apples, fruits, fresh-490474.jpg\" srcset=\"https:\/\/pomarada.es\/wp-content\/uploads\/2023\/12\/apples-fruits-fresh-490474.jpg 1280w, https:\/\/pomarada.es\/wp-content\/uploads\/2023\/12\/apples-fruits-fresh-490474-300x200.jpg 300w, https:\/\/pomarada.es\/wp-content\/uploads\/2023\/12\/apples-fruits-fresh-490474-1024x682.jpg 1024w, https:\/\/pomarada.es\/wp-content\/uploads\/2023\/12\/apples-fruits-fresh-490474-768x512.jpg 768w\" sizes=\"(max-width: 1280px) 100vw, 1280px\" \/>\t\t\t\t\t\t\t\t\t\t\t\t\t\t\t<\/div>\n\t\t\t\t<\/div>\n\t\t\t\t<\/div>\n\t\t\t\t\t<\/div>\n\t\t\t\t<\/div>\n\t\t<div class=\"elementor-element elementor-element-9232a8d e-flex e-con-boxed e-con e-parent\" data-id=\"9232a8d\" data-element_type=\"container\" data-settings=\"{&quot;content_width&quot;:&quot;boxed&quot;}\" data-core-v316-plus=\"true\">\n\t\t\t\t\t<div class=\"e-con-inner\">\n\t\t\t\t<div class=\"elementor-element elementor-element-3533877 elementor-widget__width-inherit elementor-widget elementor-widget-text-editor\" data-id=\"3533877\" data-element_type=\"widget\" data-widget_type=\"text-editor.default\">\n\t\t\t\t<div class=\"elementor-widget-container\">\n\t\t\t\t\t\t\t<p><strong>Equilibrio en el Perfil de los Miembros del Grupo<\/strong><\/p><p>El equipo del Proyecto Pomarada est\u00e1 formado por l\u00edderes en sus respectivos campos, todos unidos por un objetivo com\u00fan: revolucionar el sector de la manzana de sidra en Asturias.<\/p>\t\t\t\t\t\t<\/div>\n\t\t\t\t<\/div>\n\t\t\t\t\t<\/div>\n\t\t\t\t<\/div>\n\t\t<div class=\"elementor-element elementor-element-3e390ad e-flex e-con-boxed e-con e-parent\" data-id=\"3e390ad\" data-element_type=\"container\" data-settings=\"{&quot;content_width&quot;:&quot;boxed&quot;}\" data-core-v316-plus=\"true\">\n\t\t\t\t\t<div class=\"e-con-inner\">\n\t\t\t\t<div class=\"elementor-element elementor-element-e436df2 elementor-widget elementor-widget-text-editor\" data-id=\"e436df2\" data-element_type=\"widget\" data-widget_type=\"text-editor.default\">\n\t\t\t\t<div class=\"elementor-widget-container\">\n\t\t\t\t\t\t\t<ul><li><strong>VALLE BALLINA Y FERNANDEZ S.A.<\/strong>: L\u00edder en fabricaci\u00f3n de sidra, aporta m\u00e1s de 130 a\u00f1os de experiencia, coordinando el proyecto y liderando las pruebas de validaci\u00f3n.<\/li><li><strong>SVMAC INGENIER\u00cdA SISTEMAS Y VEH\u00cdCULOS S.L.<\/strong>: Especialistas en rob\u00f3tica agroforestal, encargados del desarrollo y ensamblaje del robot aut\u00f3nomo.<\/li><li><strong>TACTICA TIC S.L.<\/strong>: Con su expertise en IoT, lideran la monitorizaci\u00f3n del cultivo y el control de plagas.<\/li><li><strong>APOMAS S.COOP.ASTUR<\/strong>: Con su profundo conocimiento del sector agr\u00edcola, ayudar\u00e1n a difundir e implementar los resultados del proyecto.<\/li><li><strong>Fundaci\u00f3n CTIC<\/strong>: Contribuir\u00e1 a la difusi\u00f3n y al desarrollo de futuras actividades de I+D+i relacionadas con el proyecto.<\/li><\/ul>\t\t\t\t\t\t<\/div>\n\t\t\t\t<\/div>\n\t\t\t\t\t<\/div>\n\t\t\t\t<\/div>\n\t\t<div class=\"elementor-element elementor-element-d96c46e e-flex e-con-boxed e-con e-parent\" data-id=\"d96c46e\" data-element_type=\"container\" data-settings=\"{&quot;content_width&quot;:&quot;boxed&quot;}\" data-core-v316-plus=\"true\">\n\t\t\t\t\t<div class=\"e-con-inner\">\n\t\t<div class=\"elementor-element elementor-element-5891468 e-con-full e-flex e-con e-child\" data-id=\"5891468\" data-element_type=\"container\" data-settings=\"{&quot;content_width&quot;:&quot;full&quot;}\">\n\t\t\t\t<div class=\"elementor-element elementor-element-179a418 elementor-widget elementor-widget-image\" data-id=\"179a418\" data-element_type=\"widget\" data-widget_type=\"image.default\">\n\t\t\t\t<div class=\"elementor-widget-container\">\n\t\t\t\t\t\t\t\t\t\t\t\t\t\t\t<img decoding=\"async\" width=\"594\" height=\"420\" src=\"https:\/\/pomarada.es\/wp-content\/uploads\/2023\/12\/gaitero.png\" class=\"attachment-medium_large size-medium_large wp-image-4406\" alt=\"\" srcset=\"https:\/\/pomarada.es\/wp-content\/uploads\/2023\/12\/gaitero.png 594w, https:\/\/pomarada.es\/wp-content\/uploads\/2023\/12\/gaitero-300x212.png 300w\" sizes=\"(max-width: 594px) 100vw, 594px\" \/>\t\t\t\t\t\t\t\t\t\t\t\t\t\t\t<\/div>\n\t\t\t\t<\/div>\n\t\t\t\t<\/div>\n\t\t<div class=\"elementor-element elementor-element-c62e56c e-con-full e-flex e-con e-child\" data-id=\"c62e56c\" data-element_type=\"container\" data-settings=\"{&quot;content_width&quot;:&quot;full&quot;}\">\n\t\t\t\t<div class=\"elementor-element elementor-element-c520dc6 elementor-widget elementor-widget-image\" data-id=\"c520dc6\" data-element_type=\"widget\" data-widget_type=\"image.default\">\n\t\t\t\t<div class=\"elementor-widget-container\">\n\t\t\t\t\t\t\t\t\t\t\t\t\t\t\t<img loading=\"lazy\" decoding=\"async\" width=\"440\" height=\"145\" src=\"https:\/\/pomarada.es\/wp-content\/uploads\/2023\/12\/svmac.png\" class=\"attachment-medium_large size-medium_large wp-image-4405\" alt=\"\" srcset=\"https:\/\/pomarada.es\/wp-content\/uploads\/2023\/12\/svmac.png 440w, https:\/\/pomarada.es\/wp-content\/uploads\/2023\/12\/svmac-300x99.png 300w\" sizes=\"(max-width: 440px) 100vw, 440px\" \/>\t\t\t\t\t\t\t\t\t\t\t\t\t\t\t<\/div>\n\t\t\t\t<\/div>\n\t\t\t\t<\/div>\n\t\t<div class=\"elementor-element elementor-element-c4e48cb e-con-full e-flex e-con e-child\" data-id=\"c4e48cb\" data-element_type=\"container\" data-settings=\"{&quot;content_width&quot;:&quot;full&quot;}\">\n\t\t\t\t<div class=\"elementor-element elementor-element-a72872e elementor-widget elementor-widget-image\" data-id=\"a72872e\" data-element_type=\"widget\" data-widget_type=\"image.default\">\n\t\t\t\t<div class=\"elementor-widget-container\">\n\t\t\t\t\t\t\t\t\t\t\t\t\t\t\t<img loading=\"lazy\" decoding=\"async\" width=\"195\" height=\"121\" src=\"https:\/\/pomarada.es\/wp-content\/uploads\/2023\/12\/tac.png\" class=\"attachment-medium_large size-medium_large wp-image-4407\" alt=\"\" \/>\t\t\t\t\t\t\t\t\t\t\t\t\t\t\t<\/div>\n\t\t\t\t<\/div>\n\t\t\t\t<\/div>\n\t\t<div class=\"elementor-element elementor-element-dd565d9 e-con-full e-flex e-con e-child\" data-id=\"dd565d9\" data-element_type=\"container\" data-settings=\"{&quot;content_width&quot;:&quot;full&quot;}\">\n\t\t\t\t<div class=\"elementor-element elementor-element-0b619b2 elementor-widget elementor-widget-image\" data-id=\"0b619b2\" data-element_type=\"widget\" data-widget_type=\"image.default\">\n\t\t\t\t<div class=\"elementor-widget-container\">\n\t\t\t\t\t\t\t\t\t\t\t\t\t\t\t<img loading=\"lazy\" decoding=\"async\" width=\"272\" height=\"82\" src=\"https:\/\/pomarada.es\/wp-content\/uploads\/2023\/12\/apomas.png\" class=\"attachment-large size-large wp-image-4410\" alt=\"\" \/>\t\t\t\t\t\t\t\t\t\t\t\t\t\t\t<\/div>\n\t\t\t\t<\/div>\n\t\t\t\t<\/div>\n\t\t<div class=\"elementor-element elementor-element-10e0131 e-con-full e-flex e-con e-child\" data-id=\"10e0131\" data-element_type=\"container\" data-settings=\"{&quot;content_width&quot;:&quot;full&quot;}\">\n\t\t\t\t<div class=\"elementor-element elementor-element-dda1cc9 elementor-widget elementor-widget-image\" data-id=\"dda1cc9\" data-element_type=\"widget\" data-widget_type=\"image.default\">\n\t\t\t\t<div class=\"elementor-widget-container\">\n\t\t\t\t\t\t\t\t\t\t\t\t\t\t\t<img loading=\"lazy\" decoding=\"async\" width=\"400\" height=\"150\" src=\"https:\/\/pomarada.es\/wp-content\/uploads\/2023\/12\/ctic.png\" class=\"attachment-medium_large size-medium_large wp-image-4408\" alt=\"\" srcset=\"https:\/\/pomarada.es\/wp-content\/uploads\/2023\/12\/ctic.png 400w, https:\/\/pomarada.es\/wp-content\/uploads\/2023\/12\/ctic-300x113.png 300w\" sizes=\"(max-width: 400px) 100vw, 400px\" \/>\t\t\t\t\t\t\t\t\t\t\t\t\t\t\t<\/div>\n\t\t\t\t<\/div>\n\t\t\t\t<\/div>\n\t\t\t\t\t<\/div>\n\t\t\t\t<\/div>\n\t\t\t\t\t\t\t<\/div>\n\t\t","protected":false},"excerpt":{"rendered":"<p>Sobre el proyecto Descripci\u00f3n de la Iniciativa \u00a0En el coraz\u00f3n de Asturias, el Proyecto Pomarada se erige como una iniciativa pionera dirigida a transformar la producci\u00f3n de manzana de sidra. Confrontando los retos de viabilidad econ\u00f3mica, vecer\u00eda, fragmentaci\u00f3n de terrenos y necesidades de profesionalizaci\u00f3n, nuestra misi\u00f3n es integrar la agricultura de precisi\u00f3n con tecnolog\u00edas rob\u00f3ticas &hellip;<\/p>\n<p class=\"read-more\"> <a class=\"\" href=\"https:\/\/pomarada.es\/index.php\/about\/\"> <span class=\"screen-reader-text\">About<\/span> Read More \u00bb<\/a><\/p>\n","protected":false},"author":1,"featured_media":0,"parent":0,"menu_order":0,"comment_status":"closed","ping_status":"closed","template":"","meta":{"site-sidebar-layout":"no-sidebar","site-content-layout":"page-builder","ast-site-content-layout":"","site-content-style":"default","site-sidebar-style":"default","ast-global-header-display":"","ast-banner-title-visibility":"","ast-main-header-display":"","ast-hfb-above-header-display":"","ast-hfb-below-header-display":"","ast-hfb-mobile-header-display":"","site-post-title":"disabled","ast-breadcrumbs-content":"","ast-featured-img":"disabled","footer-sml-layout":"","theme-transparent-header-meta":"enabled","adv-header-id-meta":"","stick-header-meta":"","header-above-stick-meta":"","header-main-stick-meta":"","header-below-stick-meta":"","astra-migrate-meta-layouts":"default","ast-page-background-enabled":"default","ast-page-background-meta":{"desktop":{"background-color":"var(--ast-global-color-4)","background-image":"","background-repeat":"repeat","background-position":"center center","background-size":"auto","background-attachment":"scroll","background-type":"","background-media":"","overlay-type":"","overlay-color":"","overlay-gradient":""},"tablet":{"background-color":"","background-image":"","background-repeat":"repeat","background-position":"center center","background-size":"auto","background-attachment":"scroll","background-type":"","background-media":"","overlay-type":"","overlay-color":"","overlay-gradient":""},"mobile":{"background-color":"","background-image":"","background-repeat":"repeat","background-position":"center center","background-size":"auto","background-attachment":"scroll","background-type":"","background-media":"","overlay-type":"","overlay-color":"","overlay-gradient":""}},"ast-content-background-meta":{"desktop":{"background-color":"var(--ast-global-color-5)","background-image":"","background-repeat":"repeat","background-position":"center center","background-size":"auto","background-attachment":"scroll","background-type":"","background-media":"","overlay-type":"","overlay-color":"","overlay-gradient":""},"tablet":{"background-color":"var(--ast-global-color-5)","background-image":"","background-repeat":"repeat","background-position":"center center","background-size":"auto","background-attachment":"scroll","background-type":"","background-media":"","overlay-type":"","overlay-color":"","overlay-gradient":""},"mobile":{"background-color":"var(--ast-global-color-5)","background-image":"","background-repeat":"repeat","background-position":"center center","background-size":"auto","background-attachment":"scroll","background-type":"","background-media":"","overlay-type":"","overlay-color":"","overlay-gradient":""}},"footnotes":""},"class_list":["post-1318","page","type-page","status-publish","hentry"],"_links":{"self":[{"href":"https:\/\/pomarada.es\/index.php\/wp-json\/wp\/v2\/pages\/1318"}],"collection":[{"href":"https:\/\/pomarada.es\/index.php\/wp-json\/wp\/v2\/pages"}],"about":[{"href":"https:\/\/pomarada.es\/index.php\/wp-json\/wp\/v2\/types\/page"}],"author":[{"embeddable":true,"href":"https:\/\/pomarada.es\/index.php\/wp-json\/wp\/v2\/users\/1"}],"replies":[{"embeddable":true,"href":"https:\/\/pomarada.es\/index.php\/wp-json\/wp\/v2\/comments?post=1318"}],"version-history":[{"count":21,"href":"https:\/\/pomarada.es\/index.php\/wp-json\/wp\/v2\/pages\/1318\/revisions"}],"predecessor-version":[{"id":4416,"href":"https:\/\/pomarada.es\/index.php\/wp-json\/wp\/v2\/pages\/1318\/revisions\/4416"}],"wp:attachment":[{"href":"https:\/\/pomarada.es\/index.php\/wp-json\/wp\/v2\/media?parent=1318"}],"curies":[{"name":"wp","href":"https:\/\/api.w.org\/{rel}","templated":true}]}}